{"id":868,"date":"2023-04-23T16:02:32","date_gmt":"2023-04-23T16:02:32","guid":{"rendered":"https:\/\/lasecretamazunte.com\/contacto\/"},"modified":"2023-04-26T14:35:24","modified_gmt":"2023-04-26T14:35:24","slug":"contacto","status":"publish","type":"page","link":"https:\/\/lasecretamazunte.com\/es\/contacto\/","title":{"rendered":"Contacto"},"content":{"rendered":"\n<p>No dudes en ponerte en contacto con nosotros directamente si tienes alguna pregunta sobre el alojamiento. Estamos encantados de que nos elijas y responderemos a todas tus preguntas.<\/p>\n\n\n\n<div style=\"height:40px\" aria-hidden=\"true\" class=\"wp-block-spacer\"><\/div>\n\n\n\n<div class=\"wp-block-columns is-layout-flex wp-container-core-columns-is-layout-9d6595d7 wp-block-columns-is-layout-flex\">\n<div class=\"wp-block-column is-layout-flow wp-block-column-is-layout-flow\">\n<div class=\"wp-block-getwid-advanced-heading\"><h2 class=\"wp-block-getwid-advanced-heading__content\" style=\"padding-bottom:30px\">\u00bfC\u00f3mo podemos ayudarte?<\/h2><\/div>\n\n\n\n<p style=\"font-size:15px\">Si tienes alguna duda sobre tu habitaci\u00f3n o tu reserva, o cualquier otra pregunta sobre La Secreta Caprichosa, no dudes en ponerte en contacto con nosotros.<\/p>\n\n\n\n<p style=\"font-size:15px\">S\u00f3lo tienes que enviarnos un mensaje a trav\u00e9s de nuestro formulario de contacto y dejar que nos pongamos en contacto contigo. Normalmente respondemos a tu mensaje en un plazo de 24 horas. O puedes llamarnos directamente al n\u00famero de tel\u00e9fono que viene a continuaci\u00f3n.<\/p>\n\n\n\n<div class=\"wp-block-getwid-advanced-heading has-custom-font-size\" style=\"font-size:14px\"><span class=\"wp-block-getwid-advanced-heading__content\">Direcci\u00f3n<\/span><\/div>\n\n\n\n<div class=\"wp-block-getwid-advanced-heading has-custom-font-size\" style=\"font-size:18px\"><span class=\"wp-block-getwid-advanced-heading__content has-text-color\" style=\"font-weight:500;color:#0000ff\"><a href=\"https:\/\/www.google.com\/maps\/search\/La+Secreta%20Caprichosa,Callejon%20Armadillo,+70947%20Mazunte,+Oaxaca,\" target=\"_blank\" rel=\"noreferrer noopener\">La Secreta Caprichosa, Callejon del Armadillo, 70947 Mazunte, Oaxaca, Mexico<\/a><\/span><\/div>\n\n\n\n<div style=\"height:40px\" aria-hidden=\"true\" class=\"wp-block-spacer\"><\/div>\n\n\n\n<div class=\"wp-block-getwid-advanced-heading has-custom-font-size\" style=\"font-size:14px\"><span class=\"wp-block-getwid-advanced-heading__content\">Tel\u00e9fono (Whatsapp)<\/span><\/div>\n\n\n\n<div class=\"wp-block-getwid-advanced-heading has-custom-font-size\" style=\"font-size:18px\"><span class=\"wp-block-getwid-advanced-heading__content has-text-color\" style=\"font-weight:500;color:#0000ff\"><a href=\"tel:+529581134028\">+52 958 113 40 28<\/a><\/span><\/div>\n\n\n\n<div style=\"height:40px\" aria-hidden=\"true\" class=\"wp-block-spacer\"><\/div>\n\n\n\n<div class=\"wp-block-getwid-advanced-heading has-custom-font-size\" style=\"font-size:14px\"><span class=\"wp-block-getwid-advanced-heading__content\">Correo<\/span><\/div>\n\n\n\n<div class=\"wp-block-getwid-advanced-heading has-custom-font-size\" style=\"font-size:18px\"><span class=\"wp-block-getwid-advanced-heading__content has-text-color\" style=\"font-weight:500;color:#0000ff\"><a href=\"mailto:contact@lasecretamazunte.com\">contact@lasecretamazunte.com<\/a><\/span><\/div>\n<\/div>\n\n\n\n<div class=\"wp-block-column is-layout-flow wp-block-column-is-layout-flow\">\n<div class=\"wp-block-getwid-section\"><div class=\"wp-block-getwid-section__wrapper getwid-padding-top-normal getwid-padding-bottom-normal getwid-padding-left-normal getwid-padding-right-normal\"><div class=\"wp-block-getwid-section__inner-wrapper\"><div class=\"wp-block-getwid-section__background-holder\"><div class=\"wp-block-getwid-section__background has-background has-light-gray-background-color\"><\/div><div class=\"wp-block-getwid-section__foreground\"><\/div><\/div><div class=\"wp-block-getwid-section__content\"><div class=\"wp-block-getwid-section__inner-content\">\n\n<div class=\"wpcf7 no-js\" id=\"wpcf7-f867-o1\" lang=\"en-US\" dir=\"ltr\" data-wpcf7-id=\"867\">\n<div class=\"screen-reader-response\"><p role=\"status\" aria-live=\"polite\" aria-atomic=\"true\"><\/p> <ul><\/ul><\/div>\n<form action=\"\/es\/wp-json\/wp\/v2\/pages\/868#wpcf7-f867-o1\" method=\"post\" class=\"wpcf7-form init\" aria-label=\"Contact form\" novalidate=\"novalidate\" data-status=\"init\">\n<fieldset class=\"hidden-fields-container\"><input type=\"hidden\" name=\"_wpcf7\" value=\"867\" \/><input type=\"hidden\" name=\"_wpcf7_version\" value=\"6.1.5\" \/><input type=\"hidden\" name=\"_wpcf7_locale\" value=\"en_US\" \/><input type=\"hidden\" name=\"_wpcf7_unit_tag\" value=\"wpcf7-f867-o1\" \/><input type=\"hidden\" name=\"_wpcf7_container_post\" value=\"0\" \/><input type=\"hidden\" name=\"_wpcf7_posted_data_hash\" value=\"\" \/>\n<\/fieldset>\n<p><label> Tu nombre*<br \/>\n<span class=\"wpcf7-form-control-wrap\" data-name=\"your-name\"><input size=\"40\" maxlength=\"400\" class=\"wpcf7-form-control wpcf7-text wpcf7-validates-as-required\" autocomplete=\"name\" aria-required=\"true\" aria-invalid=\"false\" value=\"\" type=\"text\" name=\"your-name\" \/><\/span> <\/label>\n<\/p>\n<p><label> Tu correo*<br \/>\n<span class=\"wpcf7-form-control-wrap\" data-name=\"your-email\"><input size=\"40\" maxlength=\"400\" class=\"wpcf7-form-control wpcf7-email wpcf7-validates-as-required wpcf7-text wpcf7-validates-as-email\" autocomplete=\"email\" aria-required=\"true\" aria-invalid=\"false\" value=\"\" type=\"email\" name=\"your-email\" \/><\/span> <\/label>\n<\/p>\n<p><label> Tu tel\u00e9fono (opcional)<br \/>\n<span class=\"wpcf7-form-control-wrap\" data-name=\"tel-219\"><input size=\"40\" maxlength=\"400\" class=\"wpcf7-form-control wpcf7-tel wpcf7-text wpcf7-validates-as-tel\" aria-invalid=\"false\" value=\"\" type=\"tel\" name=\"tel-219\" \/><\/span> <\/label>\n<\/p>\n<p><label> Asunto*<br \/>\n<span class=\"wpcf7-form-control-wrap\" data-name=\"your-subject\"><input size=\"40\" maxlength=\"400\" class=\"wpcf7-form-control wpcf7-text wpcf7-validates-as-required\" aria-required=\"true\" aria-invalid=\"false\" value=\"\" type=\"text\" name=\"your-subject\" \/><\/span> <\/label>\n<\/p>\n<p><label> Tu mensaje*<br \/>\n<span class=\"wpcf7-form-control-wrap\" data-name=\"your-message\"><textarea cols=\"40\" rows=\"10\" maxlength=\"2000\" class=\"wpcf7-form-control wpcf7-textarea\" aria-invalid=\"false\" name=\"your-message\"><\/textarea><\/span> <\/label>\n<\/p>\n<p><label> Control de spam<br \/>\n<span class=\"wpcf7-form-control-wrap\" data-name=\"quiz-404\"><label><span class=\"wpcf7-quiz-label\">\u00bfDe qu\u00e9 pa\u00eds es capital Ciudad de M\u00e9xico?<\/span> <input size=\"40\" class=\"wpcf7-form-control wpcf7-quiz\" autocomplete=\"off\" aria-required=\"true\" aria-invalid=\"false\" type=\"text\" name=\"quiz-404\" \/><\/label><input type=\"hidden\" name=\"_wpcf7_quiz_answer_quiz-404\" value=\"8fa7d53a9cc9b4be83a347db223c1d3f\" \/><\/span> <\/label>\n<\/p>\n<p><input class=\"wpcf7-form-control wpcf7-submit has-spinner\" type=\"submit\" value=\"Enviar mensaje\" \/>\n<\/p><div class=\"wpcf7-response-output\" aria-hidden=\"true\"><\/div>\n<\/form>\n<\/div>\n\n<\/div><\/div><\/div><\/div><\/div>\n<\/div>\n<\/div>\n\n\n\n<h2 class=\"wp-block-heading has-text-align-center\">D\u00f3nde estamos ubicados<\/h2>\n\n\n\n<div data-map-zoom=\"20\" data-interaction=\"cooperative\" data-map-style=\"default\" data-map-center=\"{\"lat\":15.6667241,\"lng\":-96.5561788}\" data-zoom-control=\"true\" data-type-control=\"true\" data-street-view-control=\"true\" data-full-screen-control=\"true\" data-map-markers=\"\" class=\"wp-block-getwid-map\"><div style=\"height:600px\" class=\"wp-block-getwid-map__container\"><\/div><\/div>\n","protected":false},"excerpt":{"rendered":"<p>No dudes en ponerte en contacto con nosotros directamente si tienes alguna pregunta sobre el alojamiento. Estamos encantados de que nos elijas y responderemos a todas tus preguntas. Si tienes alguna duda sobre tu habitaci\u00f3n o tu reserva, o cualquier otra pregunta sobre La Secreta Caprichosa, no dudes en ponerte en contacto con nosotros. S\u00f3lo &hellip; <a href=\"https:\/\/lasecretamazunte.com\/es\/contacto\/\" class=\"more-link\">Continue reading<span class=\"screen-reader-text\"> \u00abContacto\u00bb<\/span><\/a><\/p>\n","protected":false},"author":1,"featured_media":0,"parent":0,"menu_order":0,"comment_status":"closed","ping_status":"closed","template":"template-full-width-page.php","meta":{"footnotes":""},"class_list":["post-868","page","type-page","status-publish","hentry"],"jetpack_sharing_enabled":true,"_links":{"self":[{"href":"https:\/\/lasecretamazunte.com\/es\/wp-json\/wp\/v2\/pages\/868","targetHints":{"allow":["GET"]}}],"collection":[{"href":"https:\/\/lasecretamazunte.com\/es\/wp-json\/wp\/v2\/pages"}],"about":[{"href":"https:\/\/lasecretamazunte.com\/es\/wp-json\/wp\/v2\/types\/page"}],"author":[{"embeddable":true,"href":"https:\/\/lasecretamazunte.com\/es\/wp-json\/wp\/v2\/users\/1"}],"replies":[{"embeddable":true,"href":"https:\/\/lasecretamazunte.com\/es\/wp-json\/wp\/v2\/comments?post=868"}],"version-history":[{"count":2,"href":"https:\/\/lasecretamazunte.com\/es\/wp-json\/wp\/v2\/pages\/868\/revisions"}],"predecessor-version":[{"id":870,"href":"https:\/\/lasecretamazunte.com\/es\/wp-json\/wp\/v2\/pages\/868\/revisions\/870"}],"wp:attachment":[{"href":"https:\/\/lasecretamazunte.com\/es\/wp-json\/wp\/v2\/media?parent=868"}],"curies":[{"name":"wp","href":"https:\/\/api.w.org\/{rel}","templated":true}]}}