{"id":855,"date":"2023-04-23T01:07:55","date_gmt":"2023-04-23T01:07:55","guid":{"rendered":"https:\/\/lasecretamazunte.com\/como-encontrarnos\/"},"modified":"2023-04-26T14:32:14","modified_gmt":"2023-04-26T14:32:14","slug":"como-encontrarnos","status":"publish","type":"page","link":"https:\/\/lasecretamazunte.com\/es\/como-encontrarnos\/","title":{"rendered":"C\u00f3mo encontrarnos"},"content":{"rendered":"\n<p>La Secreta Caprichosa es bastante f\u00e1cil de encontrar. <\/p>\n\n\n\n<p>Al llegar a Mazunte por la calle principal, gire a la izquierda o a la derecha (dependiendo de donde venga) en el Andador Rinconcito, la carretera principal a la playa Rinconcito. Despu\u00e9s de unos 170 metros, se llega a un callej\u00f3n muy discreto en el lado derecho, situado justo antes de la Pizzer\u00eda Mayahuel. <\/p>\n\n\n\n<p>Este callej\u00f3n llamado Armadillo est\u00e1 hecho de piedras de r\u00edo al principio, m\u00e1s arriba cambia a s\u00f3lo tierra. Ten cuidado si llegas en coche y est\u00e1 mojado, el callej\u00f3n puede ser resbaladizo y tus neum\u00e1ticos podr\u00edan patinar. <\/p>\n\n\n\n<p>Antes de llegar a La Secreta, pasar\u00e1s por Luna de Miel y Casitas. A mano derecha encontrar\u00e1s dos entradas. Para las habitaciones Tlao y Selva es la entrada de la derecha, para Estudio, Nautilus y Luna es la entrada de la izquierda. <\/p>\n\n\n\n<p>Antes de llegar por favor <a href=\"https:\/\/wa.me\/529581439770\" target=\"_blank\" rel=\"noreferrer noopener\">env\u00eda un Whattsapp<\/a> o llama a Marisol <a href=\"tel:00529581439770\" target=\"_blank\" rel=\"noreferrer noopener\">+52 958 143 9770<\/a>, para que pueda recibirte all\u00ed y llevarte a tu habitaci\u00f3n.<\/p>\n\n\n\n<figure class=\"wp-block-image size-large\"><img data-recalc-dims=\"1\" decoding=\"async\" width=\"769\" height=\"466\" src=\"https:\/\/i0.wp.com\/lasecretamazunte.com\/wp-content\/uploads\/2023\/04\/how-to-find-us.png?resize=769%2C466&#038;ssl=1\" alt=\"\" class=\"wp-image-530\" srcset=\"https:\/\/i0.wp.com\/lasecretamazunte.com\/wp-content\/uploads\/2023\/04\/how-to-find-us.png?resize=1024%2C621&amp;ssl=1 1024w, https:\/\/i0.wp.com\/lasecretamazunte.com\/wp-content\/uploads\/2023\/04\/how-to-find-us.png?resize=300%2C182&amp;ssl=1 300w, https:\/\/i0.wp.com\/lasecretamazunte.com\/wp-content\/uploads\/2023\/04\/how-to-find-us.png?resize=768%2C466&amp;ssl=1 768w, https:\/\/i0.wp.com\/lasecretamazunte.com\/wp-content\/uploads\/2023\/04\/how-to-find-us.png?resize=1019%2C618&amp;ssl=1 1019w, https:\/\/i0.wp.com\/lasecretamazunte.com\/wp-content\/uploads\/2023\/04\/how-to-find-us.png?w=1440&amp;ssl=1 1440w\" sizes=\"(max-width: 769px) 100vw, 769px\" \/><\/figure>\n\n\n\n<div class=\"wp-block-columns is-layout-flex wp-container-core-columns-is-layout-9d6595d7 wp-block-columns-is-layout-flex\">\n<div class=\"wp-block-column is-layout-flow wp-block-column-is-layout-flow\">\n<figure class=\"wp-block-image size-large\"><img data-recalc-dims=\"1\" decoding=\"async\" width=\"769\" height=\"577\" src=\"https:\/\/i0.wp.com\/lasecretamazunte.com\/wp-content\/uploads\/2023\/04\/road-to-la-secreta.jpeg?resize=769%2C577&#038;ssl=1\" alt=\"\" class=\"wp-image-644\" srcset=\"https:\/\/i0.wp.com\/lasecretamazunte.com\/wp-content\/uploads\/2023\/04\/road-to-la-secreta.jpeg?resize=1024%2C768&amp;ssl=1 1024w, https:\/\/i0.wp.com\/lasecretamazunte.com\/wp-content\/uploads\/2023\/04\/road-to-la-secreta.jpeg?resize=300%2C225&amp;ssl=1 300w, https:\/\/i0.wp.com\/lasecretamazunte.com\/wp-content\/uploads\/2023\/04\/road-to-la-secreta.jpeg?resize=768%2C576&amp;ssl=1 768w, https:\/\/i0.wp.com\/lasecretamazunte.com\/wp-content\/uploads\/2023\/04\/road-to-la-secreta.jpeg?resize=1536%2C1152&amp;ssl=1 1536w, https:\/\/i0.wp.com\/lasecretamazunte.com\/wp-content\/uploads\/2023\/04\/road-to-la-secreta.jpeg?resize=824%2C618&amp;ssl=1 824w, https:\/\/i0.wp.com\/lasecretamazunte.com\/wp-content\/uploads\/2023\/04\/road-to-la-secreta.jpeg?w=1600&amp;ssl=1 1600w\" sizes=\"(max-width: 769px) 100vw, 769px\" \/><figcaption class=\"wp-element-caption\">Callejon Armadillo con el restaurante El Mayahuel en la esquina.<\/figcaption><\/figure>\n<\/div>\n\n\n\n<div class=\"wp-block-column is-layout-flow wp-block-column-is-layout-flow\">\n<figure class=\"wp-block-image size-large\"><img data-recalc-dims=\"1\" decoding=\"async\" width=\"769\" height=\"577\" src=\"https:\/\/i0.wp.com\/lasecretamazunte.com\/wp-content\/uploads\/2023\/04\/callejon-armadillo.jpeg?resize=769%2C577&#038;ssl=1\" alt=\"\" class=\"wp-image-646\" srcset=\"https:\/\/i0.wp.com\/lasecretamazunte.com\/wp-content\/uploads\/2023\/04\/callejon-armadillo.jpeg?resize=1024%2C768&amp;ssl=1 1024w, https:\/\/i0.wp.com\/lasecretamazunte.com\/wp-content\/uploads\/2023\/04\/callejon-armadillo.jpeg?resize=300%2C225&amp;ssl=1 300w, https:\/\/i0.wp.com\/lasecretamazunte.com\/wp-content\/uploads\/2023\/04\/callejon-armadillo.jpeg?resize=768%2C576&amp;ssl=1 768w, https:\/\/i0.wp.com\/lasecretamazunte.com\/wp-content\/uploads\/2023\/04\/callejon-armadillo.jpeg?resize=1536%2C1152&amp;ssl=1 1536w, https:\/\/i0.wp.com\/lasecretamazunte.com\/wp-content\/uploads\/2023\/04\/callejon-armadillo.jpeg?resize=824%2C618&amp;ssl=1 824w, https:\/\/i0.wp.com\/lasecretamazunte.com\/wp-content\/uploads\/2023\/04\/callejon-armadillo.jpeg?w=1600&amp;ssl=1 1600w\" sizes=\"(max-width: 769px) 100vw, 769px\" \/><figcaption class=\"wp-element-caption\">Otra vista del Callejon Armadillo, donde se ve la esquina al otro lado.<\/figcaption><\/figure>\n<\/div>\n\n\n\n<div class=\"wp-block-column is-layout-flow wp-block-column-is-layout-flow\">\n<figure class=\"wp-block-image size-large\"><img data-recalc-dims=\"1\" decoding=\"async\" width=\"769\" height=\"577\" src=\"https:\/\/i0.wp.com\/lasecretamazunte.com\/wp-content\/uploads\/2023\/04\/Schild-La-Secreta-Caprichosa.png?resize=769%2C577&#038;ssl=1\" alt=\"\" class=\"wp-image-533\" srcset=\"https:\/\/i0.wp.com\/lasecretamazunte.com\/wp-content\/uploads\/2023\/04\/Schild-La-Secreta-Caprichosa.png?resize=1024%2C768&amp;ssl=1 1024w, https:\/\/i0.wp.com\/lasecretamazunte.com\/wp-content\/uploads\/2023\/04\/Schild-La-Secreta-Caprichosa.png?resize=300%2C225&amp;ssl=1 300w, https:\/\/i0.wp.com\/lasecretamazunte.com\/wp-content\/uploads\/2023\/04\/Schild-La-Secreta-Caprichosa.png?resize=768%2C576&amp;ssl=1 768w, https:\/\/i0.wp.com\/lasecretamazunte.com\/wp-content\/uploads\/2023\/04\/Schild-La-Secreta-Caprichosa.png?resize=824%2C618&amp;ssl=1 824w, https:\/\/i0.wp.com\/lasecretamazunte.com\/wp-content\/uploads\/2023\/04\/Schild-La-Secreta-Caprichosa.png?w=1052&amp;ssl=1 1052w\" sizes=\"(max-width: 769px) 100vw, 769px\" \/><figcaption class=\"wp-element-caption\">Siga la calle hasta llegar a La Secreta Caprichosa.<\/figcaption><\/figure>\n<\/div>\n<\/div>\n\n\n\n<div style=\"height:40px\" aria-hidden=\"true\" class=\"wp-block-spacer\"><\/div>\n\n\n\n<p>Por supuesto, tambi\u00e9n puede buscarnos en Google y seguir las instrucciones de <a href=\"https:\/\/www.google.com\/maps\/search\/La+Secreta%20Caprichosa,Callejon%20Armadillo,+70947%20Mazunte,+Oaxaca,\" target=\"_blank\" rel=\"noreferrer noopener\">Google Maps<\/a>.<\/p>\n","protected":false},"excerpt":{"rendered":"<p>La Secreta Caprichosa es bastante f\u00e1cil de encontrar. Al llegar a Mazunte por la calle principal, gire a la izquierda o a la derecha (dependiendo de donde venga) en el Andador Rinconcito, la carretera principal a la playa Rinconcito. Despu\u00e9s de unos 170 metros, se llega a un callej\u00f3n muy discreto en el lado derecho, &hellip; <a href=\"https:\/\/lasecretamazunte.com\/es\/como-encontrarnos\/\" class=\"more-link\">Continue reading<span class=\"screen-reader-text\"> \u00abC\u00f3mo encontrarnos\u00bb<\/span><\/a><\/p>\n","protected":false},"author":1,"featured_media":0,"parent":0,"menu_order":0,"comment_status":"closed","ping_status":"closed","template":"template-full-width-page.php","meta":{"footnotes":""},"class_list":["post-855","page","type-page","status-publish","hentry"],"jetpack_sharing_enabled":true,"_links":{"self":[{"href":"https:\/\/lasecretamazunte.com\/es\/wp-json\/wp\/v2\/pages\/855","targetHints":{"allow":["GET"]}}],"collection":[{"href":"https:\/\/lasecretamazunte.com\/es\/wp-json\/wp\/v2\/pages"}],"about":[{"href":"https:\/\/lasecretamazunte.com\/es\/wp-json\/wp\/v2\/types\/page"}],"author":[{"embeddable":true,"href":"https:\/\/lasecretamazunte.com\/es\/wp-json\/wp\/v2\/users\/1"}],"replies":[{"embeddable":true,"href":"https:\/\/lasecretamazunte.com\/es\/wp-json\/wp\/v2\/comments?post=855"}],"version-history":[{"count":2,"href":"https:\/\/lasecretamazunte.com\/es\/wp-json\/wp\/v2\/pages\/855\/revisions"}],"predecessor-version":[{"id":1075,"href":"https:\/\/lasecretamazunte.com\/es\/wp-json\/wp\/v2\/pages\/855\/revisions\/1075"}],"wp:attachment":[{"href":"https:\/\/lasecretamazunte.com\/es\/wp-json\/wp\/v2\/media?parent=855"}],"curies":[{"name":"wp","href":"https:\/\/api.w.org\/{rel}","templated":true}]}}