{"id":844,"date":"2023-04-22T23:57:34","date_gmt":"2023-04-22T23:57:34","guid":{"rendered":"https:\/\/lasecretamazunte.com\/importante\/"},"modified":"2023-05-05T17:47:04","modified_gmt":"2023-05-05T17:47:04","slug":"importante","status":"publish","type":"page","link":"https:\/\/lasecretamazunte.com\/es\/importante\/","title":{"rendered":"Importante"},"content":{"rendered":"\n<div class=\"mphb_sc_services-wrapper \"><div class=\"mphb-service post-840 mphb_room_service type-mphb_room_service status-publish has-post-thumbnail mphb-service-pay-per-night\">\n\n\t\n\n\t<p class=\"mphb-loop-service-thumbnail\"><a class=\"post-thumbnail\" href=\"https:\/\/lasecretamazunte.com\/es\/services\/estacionamiento\/\">\n\t<img decoding=\"async\" width=\"717\" height=\"540\" src=\"https:\/\/i0.wp.com\/lasecretamazunte.com\/wp-content\/uploads\/2017\/06\/parking-space.png?resize=717%2C540&amp;ssl=1\" class=\"attachment-villagio-thumb-small size-villagio-thumb-small wp-post-image\" alt=\"Para un estacionamiento habr\u00e1 un pago adicional\" srcset=\"https:\/\/i0.wp.com\/lasecretamazunte.com\/wp-content\/uploads\/2017\/06\/parking-space.png?resize=717%2C540&amp;ssl=1 717w, https:\/\/i0.wp.com\/lasecretamazunte.com\/wp-content\/uploads\/2017\/06\/parking-space.png?zoom=2&amp;resize=717%2C540&amp;ssl=1 1434w\" sizes=\"(max-width: 717px) 100vw, 717px\" data-attachment-id=\"828\" data-permalink=\"https:\/\/lasecretamazunte.com\/es\/parking-space-2\/\" data-orig-file=\"https:\/\/i0.wp.com\/lasecretamazunte.com\/wp-content\/uploads\/2017\/06\/parking-space.png?fit=1920%2C1020&amp;ssl=1\" data-orig-size=\"1920,1020\" data-comments-opened=\"1\" data-image-meta=\"{&quot;aperture&quot;:&quot;0&quot;,&quot;credit&quot;:&quot;&quot;,&quot;camera&quot;:&quot;&quot;,&quot;caption&quot;:&quot;&quot;,&quot;created_timestamp&quot;:&quot;0&quot;,&quot;copyright&quot;:&quot;&quot;,&quot;focal_length&quot;:&quot;0&quot;,&quot;iso&quot;:&quot;0&quot;,&quot;shutter_speed&quot;:&quot;0&quot;,&quot;title&quot;:&quot;&quot;,&quot;orientation&quot;:&quot;0&quot;}\" data-image-title=\"estacionamiento\" data-image-description=\"\" data-image-caption=\"\" data-large-file=\"https:\/\/i0.wp.com\/lasecretamazunte.com\/wp-content\/uploads\/2017\/06\/parking-space.png?fit=769%2C409&amp;ssl=1\" \/>\n\t<\/p><\/a>\n\t\n<h2 class=\"mphb-service-title\">\n<a href=\"https:\/\/lasecretamazunte.com\/es\/services\/estacionamiento\/\">Estacionamiento<\/a>\n<\/h2>\n\n<p>Si vienes en carro, necesitar\u00e1s un estacionamiento. Como tenemos opciones muy limitadas en La Secreta Caprichosa, es importante que nos lo dices por adelantado, para que podamos comprobar y confirmar la disponibilidad con nuestros vecinos. Si tienen estacionamiento disponible (normalmente es as\u00ed, s\u00f3lo que en temporada alta a veces puede ser dif\u00edcil) para el momento &hellip;<\/p>\n\n\n<p class=\"mphb-price-wrapper\"><strong>Precio:<\/strong>\n<span class=\"mphb-price\"><span class=\"mphb-currency\">&#036;<\/span>100<\/span> \/ Por D\u00eda \/ Por alojamiento\n<\/p><p class=\"more-link\"><a href=\"https:\/\/lasecretamazunte.com\/es\/services\/estacionamiento\/\" rel=\"bookmark\" class=\"button\">Read more<\/a><\/p>\n<\/div>\n<div class=\"mphb-service post-842 mphb_room_service type-mphb_room_service status-publish has-post-thumbnail mphb-service-pay-by-guest-choise\">\n\n\t\n\n\t<p class=\"mphb-loop-service-thumbnail\"><a class=\"post-thumbnail\" href=\"https:\/\/lasecretamazunte.com\/es\/services\/servicio-de-limpieza\/\">\n\t<img decoding=\"async\" width=\"717\" height=\"540\" src=\"https:\/\/i0.wp.com\/lasecretamazunte.com\/wp-content\/uploads\/2017\/06\/additional-room-cleaning.jpg?resize=717%2C540&amp;ssl=1\" class=\"attachment-villagio-thumb-small size-villagio-thumb-small wp-post-image\" alt=\"Los servicios de limpieza adicionales tienen un coste adicional\" srcset=\"https:\/\/i0.wp.com\/lasecretamazunte.com\/wp-content\/uploads\/2017\/06\/additional-room-cleaning.jpg?resize=717%2C540&amp;ssl=1 717w, https:\/\/i0.wp.com\/lasecretamazunte.com\/wp-content\/uploads\/2017\/06\/additional-room-cleaning.jpg?zoom=2&amp;resize=717%2C540&amp;ssl=1 1434w\" sizes=\"(max-width: 717px) 100vw, 717px\" data-attachment-id=\"826\" data-permalink=\"https:\/\/lasecretamazunte.com\/es\/additional-room-cleaning-2\/\" data-orig-file=\"https:\/\/i0.wp.com\/lasecretamazunte.com\/wp-content\/uploads\/2017\/06\/additional-room-cleaning.jpg?fit=1920%2C1020&amp;ssl=1\" data-orig-size=\"1920,1020\" data-comments-opened=\"1\" data-image-meta=\"{&quot;aperture&quot;:&quot;0&quot;,&quot;credit&quot;:&quot;&quot;,&quot;camera&quot;:&quot;&quot;,&quot;caption&quot;:&quot;&quot;,&quot;created_timestamp&quot;:&quot;0&quot;,&quot;copyright&quot;:&quot;&quot;,&quot;focal_length&quot;:&quot;0&quot;,&quot;iso&quot;:&quot;0&quot;,&quot;shutter_speed&quot;:&quot;0&quot;,&quot;title&quot;:&quot;&quot;,&quot;orientation&quot;:&quot;1&quot;}\" data-image-title=\"limpieza adicional de habitaciones\" data-image-description=\"\" data-image-caption=\"\" data-large-file=\"https:\/\/i0.wp.com\/lasecretamazunte.com\/wp-content\/uploads\/2017\/06\/additional-room-cleaning.jpg?fit=769%2C409&amp;ssl=1\" \/>\n\t<\/p><\/a>\n\t\n<h2 class=\"mphb-service-title\">\n<a href=\"https:\/\/lasecretamazunte.com\/es\/services\/servicio-de-limpieza\/\">Servicio de limpieza<\/a>\n<\/h2>\n\n<p>Todas nuestras habitaciones reciben un servicio completo de limpieza cada vez que nuestros hu\u00e9spedes cambian. La limpieza final es gratuita. Si deseas un servicio adicional de limpieza completa durante tu estancia, incluido el cambio de s\u00e1banas y toallas, puedes obtenerlo por 250 pesos. No lavamos tus trastes. Si preparas la comida en tu cocina, lava &hellip;<\/p>\n\n\n<p class=\"mphb-price-wrapper\"><strong>Precio:<\/strong>\n<span class=\"mphb-price\"><span class=\"mphb-currency\">&#036;<\/span>250<\/span> \/ Por instancia \/ Por alojamiento\n<\/p><p class=\"more-link\"><a href=\"https:\/\/lasecretamazunte.com\/es\/services\/servicio-de-limpieza\/\" rel=\"bookmark\" class=\"button\">Read more<\/a><\/p>\n<\/div>\n<div class=\"mphb-service post-841 mphb_room_service type-mphb_room_service status-publish has-post-thumbnail mphb-service-pay-per-adult\">\n\n\t\n\n\t<p class=\"mphb-loop-service-thumbnail\"><a class=\"post-thumbnail\" href=\"https:\/\/lasecretamazunte.com\/es\/services\/toallas-de-playa\/\">\n\t<img decoding=\"async\" width=\"717\" height=\"540\" src=\"https:\/\/i0.wp.com\/lasecretamazunte.com\/wp-content\/uploads\/2017\/06\/paid-beach-towels.jpg?resize=717%2C540&amp;ssl=1\" class=\"attachment-villagio-thumb-small size-villagio-thumb-small wp-post-image\" alt=\"Puede rentar toallas de playa\" srcset=\"https:\/\/i0.wp.com\/lasecretamazunte.com\/wp-content\/uploads\/2017\/06\/paid-beach-towels.jpg?resize=717%2C540&amp;ssl=1 717w, https:\/\/i0.wp.com\/lasecretamazunte.com\/wp-content\/uploads\/2017\/06\/paid-beach-towels.jpg?zoom=2&amp;resize=717%2C540&amp;ssl=1 1434w\" sizes=\"(max-width: 717px) 100vw, 717px\" data-attachment-id=\"827\" data-permalink=\"https:\/\/lasecretamazunte.com\/es\/paid-beach-towels-2\/\" data-orig-file=\"https:\/\/i0.wp.com\/lasecretamazunte.com\/wp-content\/uploads\/2017\/06\/paid-beach-towels.jpg?fit=1920%2C1020&amp;ssl=1\" data-orig-size=\"1920,1020\" data-comments-opened=\"1\" data-image-meta=\"{&quot;aperture&quot;:&quot;0&quot;,&quot;credit&quot;:&quot;&quot;,&quot;camera&quot;:&quot;&quot;,&quot;caption&quot;:&quot;&quot;,&quot;created_timestamp&quot;:&quot;0&quot;,&quot;copyright&quot;:&quot;&quot;,&quot;focal_length&quot;:&quot;0&quot;,&quot;iso&quot;:&quot;0&quot;,&quot;shutter_speed&quot;:&quot;0&quot;,&quot;title&quot;:&quot;&quot;,&quot;orientation&quot;:&quot;1&quot;}\" data-image-title=\"toallas de playa\" data-image-description=\"\" data-image-caption=\"\" data-large-file=\"https:\/\/i0.wp.com\/lasecretamazunte.com\/wp-content\/uploads\/2017\/06\/paid-beach-towels.jpg?fit=769%2C409&amp;ssl=1\" \/>\n\t<\/p><\/a>\n\t\n<h2 class=\"mphb-service-title\">\n<a href=\"https:\/\/lasecretamazunte.com\/es\/services\/toallas-de-playa\/\">Toallas de playa<\/a>\n<\/h2>\n\n<p>Las toallas de ducha est\u00e1n incluidas en el precio de la habitaci\u00f3n. Si tambi\u00e9n desea toallas de playa, puede solicitarlas. El costo es de 130 pesos por toalla. Si necesitas que los cambien, env\u00eda un Whattsapp a Marisol y se pondr\u00e1 en contacto contigo en breve.<\/p>\n\n\n<p class=\"mphb-price-wrapper\"><strong>Precio:<\/strong>\n<span class=\"mphb-price\"><span class=\"mphb-currency\">&#036;<\/span>130<\/span> \/ Una sola vez \/ Por Huesped\n<\/p><p class=\"more-link\"><a href=\"https:\/\/lasecretamazunte.com\/es\/services\/toallas-de-playa\/\" rel=\"bookmark\" class=\"button\">Read more<\/a><\/p>\n<\/div>\n<div class=\"mphb-service post-838 mphb_room_service type-mphb_room_service status-publish has-post-thumbnail\">\n\n\t\n\n\t<p class=\"mphb-loop-service-thumbnail\"><a class=\"post-thumbnail\" href=\"https:\/\/lasecretamazunte.com\/es\/services\/politica-de-mascotas\/\">\n\t<img decoding=\"async\" width=\"717\" height=\"540\" src=\"https:\/\/i0.wp.com\/lasecretamazunte.com\/wp-content\/uploads\/2017\/06\/pets.jpg?resize=717%2C540&amp;ssl=1\" class=\"attachment-villagio-thumb-small size-villagio-thumb-small wp-post-image\" alt=\"Preg\u00fantanos antes de reservar si quieres traer una mascota a La Secreta Caprichosa\" srcset=\"https:\/\/i0.wp.com\/lasecretamazunte.com\/wp-content\/uploads\/2017\/06\/pets.jpg?resize=717%2C540&amp;ssl=1 717w, https:\/\/i0.wp.com\/lasecretamazunte.com\/wp-content\/uploads\/2017\/06\/pets.jpg?zoom=2&amp;resize=717%2C540&amp;ssl=1 1434w\" sizes=\"(max-width: 717px) 100vw, 717px\" data-attachment-id=\"829\" data-permalink=\"https:\/\/lasecretamazunte.com\/es\/pets-2-2\/\" data-orig-file=\"https:\/\/i0.wp.com\/lasecretamazunte.com\/wp-content\/uploads\/2017\/06\/pets.jpg?fit=1920%2C1020&amp;ssl=1\" data-orig-size=\"1920,1020\" data-comments-opened=\"1\" data-image-meta=\"{&quot;aperture&quot;:&quot;0&quot;,&quot;credit&quot;:&quot;&quot;,&quot;camera&quot;:&quot;&quot;,&quot;caption&quot;:&quot;&quot;,&quot;created_timestamp&quot;:&quot;0&quot;,&quot;copyright&quot;:&quot;&quot;,&quot;focal_length&quot;:&quot;0&quot;,&quot;iso&quot;:&quot;0&quot;,&quot;shutter_speed&quot;:&quot;0&quot;,&quot;title&quot;:&quot;&quot;,&quot;orientation&quot;:&quot;1&quot;}\" data-image-title=\"mascotas\" data-image-description=\"\" data-image-caption=\"\" data-large-file=\"https:\/\/i0.wp.com\/lasecretamazunte.com\/wp-content\/uploads\/2017\/06\/pets.jpg?fit=769%2C409&amp;ssl=1\" \/>\n\t<\/p><\/a>\n\t\n<h2 class=\"mphb-service-title\">\n<a href=\"https:\/\/lasecretamazunte.com\/es\/services\/politica-de-mascotas\/\">Pol\u00edtica de Mascotas<\/a>\n<\/h2>\n\n<p>Nos gustan las mascotas, de eso no hay duda. Pero como ya hemos hecho varias experiencias en cuales nuestros hu\u00e9spedes llegaron aqu\u00ed con numerosos perros de todo tipo, tenemos que pedirte que nos preguntes brevemente antes de reservar. Despu\u00e9s de su estancia con una mascota, tambi\u00e9n tenemos que contratar un servicio de fumigaci\u00f3n para toda &hellip;<\/p>\n\n\n<p class=\"mphb-price-wrapper\"><strong>Precio:<\/strong>\n<span class=\"mphb-price\"><span class=\"mphb-currency\">&#036;<\/span>300<\/span> \/ Una sola vez \/ Por alojamiento\n<\/p><p class=\"more-link\"><a href=\"https:\/\/lasecretamazunte.com\/es\/services\/politica-de-mascotas\/\" rel=\"bookmark\" class=\"button\">Read more<\/a><\/p>\n<\/div>\n<\/div>\n","protected":false},"excerpt":{"rendered":"","protected":false},"author":1,"featured_media":0,"parent":0,"menu_order":0,"comment_status":"closed","ping_status":"closed","template":"","meta":{"footnotes":""},"class_list":["post-844","page","type-page","status-publish","hentry"],"jetpack_sharing_enabled":true,"_links":{"self":[{"href":"https:\/\/lasecretamazunte.com\/es\/wp-json\/wp\/v2\/pages\/844","targetHints":{"allow":["GET"]}}],"collection":[{"href":"https:\/\/lasecretamazunte.com\/es\/wp-json\/wp\/v2\/pages"}],"about":[{"href":"https:\/\/lasecretamazunte.com\/es\/wp-json\/wp\/v2\/types\/page"}],"author":[{"embeddable":true,"href":"https:\/\/lasecretamazunte.com\/es\/wp-json\/wp\/v2\/users\/1"}],"replies":[{"embeddable":true,"href":"https:\/\/lasecretamazunte.com\/es\/wp-json\/wp\/v2\/comments?post=844"}],"version-history":[{"count":1,"href":"https:\/\/lasecretamazunte.com\/es\/wp-json\/wp\/v2\/pages\/844\/revisions"}],"predecessor-version":[{"id":845,"href":"https:\/\/lasecretamazunte.com\/es\/wp-json\/wp\/v2\/pages\/844\/revisions\/845"}],"wp:attachment":[{"href":"https:\/\/lasecretamazunte.com\/es\/wp-json\/wp\/v2\/media?parent=844"}],"curies":[{"name":"wp","href":"https:\/\/api.w.org\/{rel}","templated":true}]}}