{"id":1139,"date":"2023-05-05T20:01:51","date_gmt":"2023-05-05T20:01:51","guid":{"rendered":"https:\/\/lasecretamazunte.com\/reglas-de-la-casa\/"},"modified":"2023-05-09T16:08:37","modified_gmt":"2023-05-09T16:08:37","slug":"reglas-de-la-casa","status":"publish","type":"page","link":"https:\/\/lasecretamazunte.com\/es\/reglas-de-la-casa\/","title":{"rendered":"Reglas de la Casa"},"content":{"rendered":"\n<p>1) La Secreta no se hace responsable de ning\u00fan accidente que tengan los hu\u00e9spedes en sus instalaciones.<\/p>\n\n\n\n<p>2) Como ni Mazunte ni las comunidades vecinas tienen agua suficiente para abastecer la demanda, NO tenemos agua caliente, y para ahorrar agua, proporcionamos cubos en cada cocina para lavar trastes con conciencia. En El Nautilus, El Estudio y La Selva, pueden usarla para echarla despu\u00e9s a las plantas de los jardines aleda\u00f1os El jab\u00f3n que les proporcionamos es biodegradable.<\/p>\n\n\n\n<p>3) NUNCA tiren los papeles al WC, tenemos fosa s\u00e9ptica.<\/p>\n\n\n\n<p>4) Ba\u00f1ense con consciencia de la carencia de agua.<\/p>\n\n\n\n<p>5) HORARIOS DE SILENCIO: Debido a que Mazunte es una \u201ccaja de resonancia\u201d, y tambi\u00e9n lo es La Secreta con sus 5 lofts y espacios comunes, el horario de silencio inicia a las 10 de la noche. Si escuchas m\u00fasica, utiliza aud\u00edfonos, si son dos, o tres, bajen considerablemente el vol\u00famen, tanto de la m\u00fasica y o pel\u00edculas, as\u00ed como las propias de la voz: bajarle unas rayitas.<\/p>\n\n\n\n<p>6) Como en todo M\u00e9xico, la propina es una manifestaci\u00f3n de que se est\u00e1n haciendo las cosas bien y se les est\u00e1 dando un buen trato y limpieza. Y el quipo lo agrece.<\/p>\n\n\n\n<p>7) Los cambios de s\u00e1bana, toallas y dem\u00e1s telas de cocina, en estancias largas, son cada 6 d\u00edas. En caso de que tengan cantidades mayores de residuos org\u00e1nicos, por favor s\u00e1calos de tu cocina donde hay cubos para que los depositen &#8211; separa la carne, el pollo, el pescado, las verduras y las frutas, por favor pregunta d\u00f3nde est\u00e1n los cubos para que puedas hacerlo t\u00fa mismo.<\/p>\n\n\n\n<p>7.1) Por favor, todos los desechos tienen que ser tirados a sus respectivos canastos, LIMPIOS, nunca tirar un tetrapack, o una lata, sucia. De hacerlo, no se llevar\u00e1n la basura y nos meten en un gran problema.<\/p>\n\n\n\n<p>7.2) Los cuartos son limpiados y aceados pero NO los trastes de la cocina, eso lo hacen ustedes mismos.<\/p>\n\n\n\n<p>8) Cuiden lo que hay en la cocina y en la habitaci\u00f3n, en caso de que rompan algo, por favor anunciarlo y en su caso, dejar el costo de lo mismo.<\/p>\n\n\n\n<p>9) En caso de que perdieran las llaves de la habitaci\u00f3n y o de la caja fuerte, tendr\u00e1n que hacer un pago de 500 pesos.<\/p>\n\n\n\n<p>10) Pueden rentar toallas de playa para $130 pesos. NUNCA llevas a la playa las toallas de la regadera o del ba\u00f1o.<\/p>\n\n\n\n<p>11) Estacionamiento cuesta $100 pesos al d\u00eda.<\/p>\n\n\n\n<p>12) Existe la posibilidad de rentar una Scooter por $250 pesos al d\u00eda.<\/p>\n\n\n\n<p>13) El acceso a La secreta en su totalidad, es unicamente para los hu\u00e9spedes, no pueden entrar quienes NO est\u00e9n hospedados en La Secreta. En caso de que quisieran invitar a alguien a cenar, por favor avisen el EQUIPO con anterioridad, y recuerden que a las 10 de la noche, ya no puede haber ruido.<\/p>\n\n\n\n<p>14) NUNCA dejen las puertas abiertas de la calle. Hay dos entradas, la primera, a mano derecha de La Secreta, es para El Tlao y la Selva. Hay otra puerta de madera, a mano izquierda, para El Estudio, El Nautilus y La Luna.<\/p>\n\n\n\n<p>15) De lunes a s\u00e1bado, nuestro EQUIPO est\u00e1 de las 9 a las 5 de la tarde en La Secreta, de llegar despu\u00e9s de esos horarios, o en domingo, deben avisar a los tel\u00e9fonos: 0052 958 143 9770: Marisol, en espa\u00f1ol, y o 0052 958113 40 28, Eva, en alem\u00e1n, ingl\u00e9s, espa\u00f1ol.<\/p>\n\n\n\n<p>16) Debido a la falta de agua, hay quienes lavan ropa en el pueblo, o se lo puedes dar a lavar a Marisol o Lorena por un costo semejante al que cobran en Mazunte.<\/p>\n\n\n\n<p>17) Para estancias largas, el agua de garraf\u00f3n purificada, est\u00e1 disponible en la terraza com\u00fan por $25 pesos.<\/p>\n\n\n\n<p>18) Apagar SIEMPRE las luces y los ventiladores cuando salgan, de lo contrario, por m\u00e1s de una vez que suceda, se cobrar\u00e1 una multa de 50 pesos.<\/p>\n\n\n\n<p>19) Para estancias largas, cuando se termina el tanque de gas, la Secreta paga el 50% del costo del mismo, y los hu\u00e9spedes, el otro 50%. El precio var\u00eda.<\/p>\n\n\n\n<p>20) Cuando son estancias largas, los hu\u00e9spedes compran sus jabones y su papel de ba\u00f1o.<\/p>\n","protected":false},"excerpt":{"rendered":"<p>1) La Secreta no se hace responsable de ning\u00fan accidente que tengan los hu\u00e9spedes en sus instalaciones. 2) Como ni Mazunte ni las comunidades vecinas tienen agua suficiente para abastecer la demanda, NO tenemos agua caliente, y para ahorrar agua, proporcionamos cubos en cada cocina para lavar trastes con conciencia. En El Nautilus, El Estudio &hellip; <a href=\"https:\/\/lasecretamazunte.com\/es\/reglas-de-la-casa\/\" class=\"more-link\">Continue reading<span class=\"screen-reader-text\"> \u00abReglas de la Casa\u00bb<\/span><\/a><\/p>\n","protected":false},"author":1,"featured_media":0,"parent":0,"menu_order":0,"comment_status":"closed","ping_status":"closed","template":"","meta":{"footnotes":""},"class_list":["post-1139","page","type-page","status-publish","hentry"],"jetpack_sharing_enabled":true,"_links":{"self":[{"href":"https:\/\/lasecretamazunte.com\/es\/wp-json\/wp\/v2\/pages\/1139","targetHints":{"allow":["GET"]}}],"collection":[{"href":"https:\/\/lasecretamazunte.com\/es\/wp-json\/wp\/v2\/pages"}],"about":[{"href":"https:\/\/lasecretamazunte.com\/es\/wp-json\/wp\/v2\/types\/page"}],"author":[{"embeddable":true,"href":"https:\/\/lasecretamazunte.com\/es\/wp-json\/wp\/v2\/users\/1"}],"replies":[{"embeddable":true,"href":"https:\/\/lasecretamazunte.com\/es\/wp-json\/wp\/v2\/comments?post=1139"}],"version-history":[{"count":2,"href":"https:\/\/lasecretamazunte.com\/es\/wp-json\/wp\/v2\/pages\/1139\/revisions"}],"predecessor-version":[{"id":1168,"href":"https:\/\/lasecretamazunte.com\/es\/wp-json\/wp\/v2\/pages\/1139\/revisions\/1168"}],"wp:attachment":[{"href":"https:\/\/lasecretamazunte.com\/es\/wp-json\/wp\/v2\/media?parent=1139"}],"curies":[{"name":"wp","href":"https:\/\/api.w.org\/{rel}","templated":true}]}}